{"id":14649,"date":"2021-11-22T02:22:19","date_gmt":"2021-11-22T02:22:19","guid":{"rendered":"https:\/\/www.bcut.pt\/food-industry\/"},"modified":"2022-12-12T15:36:34","modified_gmt":"2022-12-12T15:36:34","slug":"food-industry","status":"publish","type":"page","link":"https:\/\/www.bcut.pt\/en\/food-industry\/","title":{"rendered":"Food industry"},"content":{"rendered":"<p><div class=\"fusion-fullwidth fullwidth-box fusion-builder-row-1 fusion-parallax-none nonhundred-percent-fullwidth non-hundred-percent-height-scrolling\" style=\"background-color: #0c0604;background-image: url(&quot;https:\/\/bcut.pt\/wp-content\/uploads\/2019\/04\/top-produtos.jpg&quot;);background-position: center top;background-repeat: no-repeat;padding-top:3%;padding-right:0px;padding-bottom:3%;padding-left:0px;margin-bottom: 0px;margin-top: 0px;border-width: 0px 0px 0px 0px;border-color:#eae9e9;border-style:solid;-webkit-background-size:cover;-moz-background-size:cover;-o-background-size:cover;background-size:cover;\" ><div class=\"fusion-builder-row fusion-row\"><div class=\"fusion-layout-column fusion_builder_column fusion-builder-column-0 fusion_builder_column_1_1 1_1 fusion-one-full fusion-column-first fusion-column-last\" style=\"margin-top:0px;margin-bottom:20px;\"><div class=\"fusion-column-wrapper fusion-flex-column-wrapper-legacy\" style=\"background-position:left top;background-repeat:no-repeat;-webkit-background-size:cover;-moz-background-size:cover;-o-background-size:cover;background-size:cover;padding: 0px 0px 0px 0px;\"><style type=\"text\/css\"><\/style><div class=\"fusion-title title fusion-title-1 fusion-sep-none fusion-title-text fusion-title-size-one\" style=\"margin-top:0px;margin-right:0px;margin-bottom:31px;margin-left:0px;\"><h1 class=\"title-heading-left\" style=\"margin:0;\"><strong><span style=\"color: #ffffff;\">FOOD INDUSTRY<\/span><\/strong><\/h1><\/div><div class=\"fusion-clearfix\"><\/div><\/div><\/div><\/div><\/div><div class=\"fusion-fullwidth fullwidth-box fusion-builder-row-2 nonhundred-percent-fullwidth non-hundred-percent-height-scrolling\" style=\"background-color: rgba(255,255,255,0);background-position: center center;background-repeat: no-repeat;padding-top:5%;padding-right:0px;padding-bottom:5%;padding-left:0px;margin-bottom: 0px;margin-top: 0px;border-width: 0px 0px 0px 0px;border-color:#eae9e9;border-style:solid;\" ><div class=\"fusion-builder-row fusion-row\"><div class=\"fusion-layout-column fusion_builder_column fusion-builder-column-1 fusion_builder_column_1_2 1_2 fusion-one-half fusion-column-first\" style=\"width:50%;width:calc(50% - ( ( 4% ) * 0.5 ) );margin-right: 4%;margin-top:0px;margin-bottom:20px;\"><div class=\"fusion-column-wrapper fusion-flex-column-wrapper-legacy\" style=\"background-position:left top;background-repeat:no-repeat;-webkit-background-size:cover;-moz-background-size:cover;-o-background-size:cover;background-size:cover;padding: 0px 0px 0px 0px;\"><span class=\" fusion-imageframe imageframe-none imageframe-1 hover-type-none\"><a href=\"https:\/\/www.bcut.pt\/wp-content\/uploads\/2021\/11\/alimentar-1.jpg\" class=\"fusion-lightbox\" data-rel=\"iLightbox[2ef83d5ba4088d81f2c]\" data-title=\"alimentar\" title=\"alimentar\"><img decoding=\"async\" width=\"437\" height=\"299\" src=\"https:\/\/www.bcut.pt\/wp-content\/uploads\/2021\/11\/alimentar-1.jpg\" alt class=\"img-responsive wp-image-14455\" srcset=\"https:\/\/www.bcut.pt\/wp-content\/uploads\/2021\/11\/alimentar-1-200x137.jpg 200w, https:\/\/www.bcut.pt\/wp-content\/uploads\/2021\/11\/alimentar-1-400x274.jpg 400w, https:\/\/www.bcut.pt\/wp-content\/uploads\/2021\/11\/alimentar-1.jpg 437w\" sizes=\"(max-width: 800px) 100vw, 437px\" \/><\/a><\/span><div class=\"fusion-sep-clear\"><\/div><div class=\"fusion-separator fusion-full-width-sep\" style=\"margin-left: auto;margin-right: auto;margin-top:20px;width:100%;\"><\/div><div class=\"fusion-sep-clear\"><\/div><div class=\"fusion-clearfix\"><\/div><\/div><\/div><div class=\"fusion-layout-column fusion_builder_column fusion-builder-column-2 fusion_builder_column_1_2 1_2 fusion-one-half fusion-column-last\" style=\"width:50%;width:calc(50% - ( ( 4% ) * 0.5 ) );margin-top:0px;margin-bottom:20px;\"><div class=\"fusion-column-wrapper fusion-flex-column-wrapper-legacy\" style=\"background-position:left top;background-repeat:no-repeat;-webkit-background-size:cover;-moz-background-size:cover;-o-background-size:cover;background-size:cover;padding: 0px 0px 0px 0px;\"><style type=\"text\/css\"><\/style><div class=\"fusion-title title fusion-title-2 fusion-sep-none fusion-title-text fusion-title-size-two\" style=\"font-size:20px;margin-top:0px;margin-right:0px;margin-bottom:31px;margin-left:0px;\"><h2 class=\"title-heading-left\" style=\"margin:0;font-size:1em;\"><strong>Food industry<\/strong><\/h2><\/div><div class=\"fusion-text fusion-text-1\"><p>We supply 100% cotton \/ 100% polyester technical items with specifications suitable for the food sector. Contact us for more information! Contact us for more information!<\/p>\n<\/div><div class=\"fusion-alignleft\"><style>.fusion-body .fusion-button.button-1{border-color:#ffffff;border-radius:0 0 0 0;background:#8bc53f;}.fusion-body .fusion-button.button-1 .fusion-button-text,.fusion-body .fusion-button.button-1 i,.fusion-body .fusion-button.button-1:hover .fusion-button-text,.fusion-body .fusion-button.button-1:hover i,.fusion-body .fusion-button.button-1:focus .fusion-button-text,.fusion-body .fusion-button.button-1:focus i,.fusion-body .fusion-button.button-1:active .fusion-button-text,.fusion-body .fusion-button.button-1:active i{color:#ffffff;}.fusion-body .fusion-button.button-1:hover,.fusion-body .fusion-button.button-1:active,.fusion-body .fusion-button.button-1:focus{border-color:#ffffff;background:#000000;}<\/style><a class=\"fusion-button button-flat button-small button-custom button-1 fusion-button-span-no \" target=\"_self\" href=\"https:\/\/bcut.pt\/contatos\/\"><i class=\"fa-envelope fas button-icon-left\" aria-hidden=\"true\"><\/i><span class=\"fusion-button-text\">Contact us<\/span><\/a><\/div><div class=\"fusion-sep-clear\"><\/div><div class=\"fusion-separator fusion-full-width-sep\" style=\"margin-left: auto;margin-right: auto;margin-top:15px;width:100%;\"><\/div><div class=\"fusion-sep-clear\"><\/div><div class=\"fusion-clearfix\"><\/div><\/div><\/div><div class=\"fusion-layout-column fusion_builder_column fusion-builder-column-3 fusion_builder_column_1_1 1_1 fusion-one-full fusion-column-first fusion-column-last\" style=\"margin-top:0px;margin-bottom:20px;\"><div class=\"fusion-column-wrapper fusion-flex-column-wrapper-legacy\" style=\"background-position:left top;background-repeat:no-repeat;-webkit-background-size:cover;-moz-background-size:cover;-o-background-size:cover;background-size:cover;padding: 0px 0px 0px 0px;\"><div class=\"fusion-sep-clear\"><\/div><div class=\"fusion-separator fusion-full-width-sep\" style=\"margin-left: auto;margin-right: auto;margin-top:20px;margin-bottom:20px;width:100%;\"><\/div><div class=\"fusion-sep-clear\"><\/div><div class=\"fusion-clearfix\"><\/div><\/div><\/div><\/div><\/div><\/p>\n","protected":false},"excerpt":{"rendered":"","protected":false},"author":1,"featured_media":0,"parent":0,"menu_order":0,"comment_status":"closed","ping_status":"closed","template":"100-width.php","meta":{"_acf_changed":false,"footnotes":""},"class_list":["post-14649","page","type-page","status-publish","hentry"],"acf":[],"yoast_head":"<!-- This site is optimized with the Yoast SEO plugin v27.5 - https:\/\/yoast.com\/product\/yoast-seo-wordpress\/ -->\n<title>Food industry - BCUT<\/title>\n<meta name=\"robots\" content=\"index, follow, max-snippet:-1, max-image-preview:large, max-video-preview:-1\" \/>\n<link rel=\"canonical\" href=\"https:\/\/www.bcut.pt\/en\/food-industry\/\" \/>\n<meta property=\"og:locale\" content=\"en_US\" \/>\n<meta property=\"og:type\" content=\"article\" \/>\n<meta property=\"og:title\" content=\"Food industry - BCUT\" \/>\n<meta property=\"og:url\" content=\"https:\/\/www.bcut.pt\/en\/food-industry\/\" \/>\n<meta property=\"og:site_name\" content=\"BCUT\" \/>\n<meta property=\"article:modified_time\" content=\"2022-12-12T15:36:34+00:00\" \/>\n<meta name=\"twitter:card\" content=\"summary_large_image\" \/>\n<meta name=\"twitter:label1\" content=\"Est. reading time\" \/>\n\t<meta name=\"twitter:data1\" content=\"7 minutes\" \/>\n<script type=\"application\/ld+json\" class=\"yoast-schema-graph\">{\"@context\":\"https:\\\/\\\/schema.org\",\"@graph\":[{\"@type\":\"WebPage\",\"@id\":\"https:\\\/\\\/www.bcut.pt\\\/en\\\/food-industry\\\/\",\"url\":\"https:\\\/\\\/www.bcut.pt\\\/en\\\/food-industry\\\/\",\"name\":\"Food industry - BCUT\",\"isPartOf\":{\"@id\":\"https:\\\/\\\/bcut.pt\\\/#website\"},\"datePublished\":\"2021-11-22T02:22:19+00:00\",\"dateModified\":\"2022-12-12T15:36:34+00:00\",\"breadcrumb\":{\"@id\":\"https:\\\/\\\/www.bcut.pt\\\/en\\\/food-industry\\\/#breadcrumb\"},\"inLanguage\":\"en-US\",\"potentialAction\":[{\"@type\":\"ReadAction\",\"target\":[\"https:\\\/\\\/www.bcut.pt\\\/en\\\/food-industry\\\/\"]}]},{\"@type\":\"BreadcrumbList\",\"@id\":\"https:\\\/\\\/www.bcut.pt\\\/en\\\/food-industry\\\/#breadcrumb\",\"itemListElement\":[{\"@type\":\"ListItem\",\"position\":1,\"name\":\"Home\",\"item\":\"https:\\\/\\\/www.bcut.pt\\\/en\\\/home\\\/\"},{\"@type\":\"ListItem\",\"position\":2,\"name\":\"Food industry\"}]},{\"@type\":\"WebSite\",\"@id\":\"https:\\\/\\\/bcut.pt\\\/#website\",\"url\":\"https:\\\/\\\/bcut.pt\\\/\",\"name\":\"BCUT\",\"description\":\"O com\u00e9rcio de fitas \u00e9 a nossa dedica\u00e7\u00e3o. A nossa arte encontra-se na transforma\u00e7\u00e3o e dedica\u00e7\u00e3o atribu\u00eddas na sua conce\u00e7\u00e3o.\",\"publisher\":{\"@id\":\"https:\\\/\\\/bcut.pt\\\/#organization\"},\"potentialAction\":[{\"@type\":\"SearchAction\",\"target\":{\"@type\":\"EntryPoint\",\"urlTemplate\":\"https:\\\/\\\/bcut.pt\\\/?s={search_term_string}\"},\"query-input\":{\"@type\":\"PropertyValueSpecification\",\"valueRequired\":true,\"valueName\":\"search_term_string\"}}],\"inLanguage\":\"en-US\"},{\"@type\":\"Organization\",\"@id\":\"https:\\\/\\\/bcut.pt\\\/#organization\",\"name\":\"Bcut\",\"url\":\"https:\\\/\\\/bcut.pt\\\/\",\"logo\":{\"@type\":\"ImageObject\",\"inLanguage\":\"en-US\",\"@id\":\"https:\\\/\\\/bcut.pt\\\/#\\\/schema\\\/logo\\\/image\\\/\",\"url\":\"https:\\\/\\\/bcut.pt\\\/wp-content\\\/uploads\\\/2019\\\/04\\\/Logo_Big.png\",\"contentUrl\":\"https:\\\/\\\/bcut.pt\\\/wp-content\\\/uploads\\\/2019\\\/04\\\/Logo_Big.png\",\"width\":379,\"height\":153,\"caption\":\"Bcut\"},\"image\":{\"@id\":\"https:\\\/\\\/bcut.pt\\\/#\\\/schema\\\/logo\\\/image\\\/\"}}]}<\/script>\n<!-- \/ Yoast SEO plugin. -->","yoast_head_json":{"title":"Food industry - BCUT","robots":{"index":"index","follow":"follow","max-snippet":"max-snippet:-1","max-image-preview":"max-image-preview:large","max-video-preview":"max-video-preview:-1"},"canonical":"https:\/\/www.bcut.pt\/en\/food-industry\/","og_locale":"en_US","og_type":"article","og_title":"Food industry - BCUT","og_url":"https:\/\/www.bcut.pt\/en\/food-industry\/","og_site_name":"BCUT","article_modified_time":"2022-12-12T15:36:34+00:00","twitter_card":"summary_large_image","twitter_misc":{"Est. reading time":"7 minutes"},"schema":{"@context":"https:\/\/schema.org","@graph":[{"@type":"WebPage","@id":"https:\/\/www.bcut.pt\/en\/food-industry\/","url":"https:\/\/www.bcut.pt\/en\/food-industry\/","name":"Food industry - BCUT","isPartOf":{"@id":"https:\/\/bcut.pt\/#website"},"datePublished":"2021-11-22T02:22:19+00:00","dateModified":"2022-12-12T15:36:34+00:00","breadcrumb":{"@id":"https:\/\/www.bcut.pt\/en\/food-industry\/#breadcrumb"},"inLanguage":"en-US","potentialAction":[{"@type":"ReadAction","target":["https:\/\/www.bcut.pt\/en\/food-industry\/"]}]},{"@type":"BreadcrumbList","@id":"https:\/\/www.bcut.pt\/en\/food-industry\/#breadcrumb","itemListElement":[{"@type":"ListItem","position":1,"name":"Home","item":"https:\/\/www.bcut.pt\/en\/home\/"},{"@type":"ListItem","position":2,"name":"Food industry"}]},{"@type":"WebSite","@id":"https:\/\/bcut.pt\/#website","url":"https:\/\/bcut.pt\/","name":"BCUT","description":"O com\u00e9rcio de fitas \u00e9 a nossa dedica\u00e7\u00e3o. A nossa arte encontra-se na transforma\u00e7\u00e3o e dedica\u00e7\u00e3o atribu\u00eddas na sua conce\u00e7\u00e3o.","publisher":{"@id":"https:\/\/bcut.pt\/#organization"},"potentialAction":[{"@type":"SearchAction","target":{"@type":"EntryPoint","urlTemplate":"https:\/\/bcut.pt\/?s={search_term_string}"},"query-input":{"@type":"PropertyValueSpecification","valueRequired":true,"valueName":"search_term_string"}}],"inLanguage":"en-US"},{"@type":"Organization","@id":"https:\/\/bcut.pt\/#organization","name":"Bcut","url":"https:\/\/bcut.pt\/","logo":{"@type":"ImageObject","inLanguage":"en-US","@id":"https:\/\/bcut.pt\/#\/schema\/logo\/image\/","url":"https:\/\/bcut.pt\/wp-content\/uploads\/2019\/04\/Logo_Big.png","contentUrl":"https:\/\/bcut.pt\/wp-content\/uploads\/2019\/04\/Logo_Big.png","width":379,"height":153,"caption":"Bcut"},"image":{"@id":"https:\/\/bcut.pt\/#\/schema\/logo\/image\/"}}]}},"_links":{"self":[{"href":"https:\/\/www.bcut.pt\/en\/wp-json\/wp\/v2\/pages\/14649","targetHints":{"allow":["GET"]}}],"collection":[{"href":"https:\/\/www.bcut.pt\/en\/wp-json\/wp\/v2\/pages"}],"about":[{"href":"https:\/\/www.bcut.pt\/en\/wp-json\/wp\/v2\/types\/page"}],"author":[{"embeddable":true,"href":"https:\/\/www.bcut.pt\/en\/wp-json\/wp\/v2\/users\/1"}],"replies":[{"embeddable":true,"href":"https:\/\/www.bcut.pt\/en\/wp-json\/wp\/v2\/comments?post=14649"}],"version-history":[{"count":3,"href":"https:\/\/www.bcut.pt\/en\/wp-json\/wp\/v2\/pages\/14649\/revisions"}],"predecessor-version":[{"id":14652,"href":"https:\/\/www.bcut.pt\/en\/wp-json\/wp\/v2\/pages\/14649\/revisions\/14652"}],"wp:attachment":[{"href":"https:\/\/www.bcut.pt\/en\/wp-json\/wp\/v2\/media?parent=14649"}],"curies":[{"name":"wp","href":"https:\/\/api.w.org\/{rel}","templated":true}]}}