{"id":14642,"date":"2019-04-18T17:17:02","date_gmt":"2019-04-18T17:17:02","guid":{"rendered":"https:\/\/www.bcut.pt\/bags\/"},"modified":"2023-03-30T23:10:53","modified_gmt":"2023-03-30T23:10:53","slug":"bags","status":"publish","type":"page","link":"https:\/\/www.bcut.pt\/en\/bags\/","title":{"rendered":"Bags"},"content":{"rendered":"<p><div class=\"fusion-fullwidth fullwidth-box fusion-builder-row-1 fusion-parallax-none nonhundred-percent-fullwidth non-hundred-percent-height-scrolling\" style=\"background-color: #0a0403;background-image: url(&quot;https:\/\/bcut.pt\/wp-content\/uploads\/2019\/04\/top-produtos.jpg&quot;);background-position: center top;background-repeat: no-repeat;padding-top:5%;padding-right:0px;padding-bottom:1%;padding-left:0px;margin-bottom: 0px;margin-top: 0px;border-width: 0px 0px 0px 0px;border-color:#eae9e9;border-style:solid;-webkit-background-size:cover;-moz-background-size:cover;-o-background-size:cover;background-size:cover;\" ><div class=\"fusion-builder-row fusion-row\"><div class=\"fusion-layout-column fusion_builder_column fusion-builder-column-0 fusion_builder_column_1_1 1_1 fusion-one-full fusion-column-first fusion-column-last\" style=\"margin-top:0px;margin-bottom:20px;\"><div class=\"fusion-column-wrapper fusion-flex-column-wrapper-legacy\" style=\"background-position:left top;background-repeat:no-repeat;-webkit-background-size:cover;-moz-background-size:cover;-o-background-size:cover;background-size:cover;padding: 0px 0px 0px 0px;\"><style type=\"text\/css\"><\/style><div class=\"fusion-title title fusion-title-1 fusion-sep-none fusion-title-center fusion-title-text fusion-title-size-one\" style=\"margin-top:0px;margin-right:0px;margin-bottom:31px;margin-left:0px;\"><h1 class=\"title-heading-center\" style=\"margin:0;\"><strong><span style=\"color: #ffffff;\">ADD VALUE TO YOUR PRODUCT<br \/>WITH A PERSONALIZED BAG<\/span><\/strong><\/h1><\/div><div class=\"fusion-clearfix\"><\/div><\/div><\/div><\/div><\/div><div class=\"fusion-fullwidth fullwidth-box fusion-builder-row-2 nonhundred-percent-fullwidth non-hundred-percent-height-scrolling\" style=\"background-color: rgba(255,255,255,0);background-position: center center;background-repeat: no-repeat;padding-top:5%;padding-right:0px;padding-bottom:5%;padding-left:0px;margin-bottom: 0px;margin-top: 0px;border-width: 0px 0px 0px 0px;border-color:#eae9e9;border-style:solid;\" ><div class=\"fusion-builder-row fusion-row\"><div class=\"fusion-layout-column fusion_builder_column fusion-builder-column-1 fusion_builder_column_1_3 1_3 fusion-one-third fusion-column-first\" style=\"width:33.333333333333%;width:calc(33.333333333333% - ( ( 4% + 4% ) * 0.33333333333333 ) );margin-right: 4%;margin-top:0px;margin-bottom:20px;\"><div class=\"fusion-column-wrapper fusion-flex-column-wrapper-legacy\" style=\"background-position:left top;background-repeat:no-repeat;-webkit-background-size:cover;-moz-background-size:cover;-o-background-size:cover;background-size:cover;padding: 0px 0px 0px 0px;\"><style type=\"text\/css\"><\/style><div class=\"fusion-title title fusion-title-2 fusion-sep-none fusion-title-center fusion-title-text fusion-title-size-two\" style=\"font-size:20px;margin-top:0px;margin-right:0px;margin-bottom:31px;margin-left:0px;\"><h2 class=\"title-heading-center\" style=\"margin:0;font-size:1em;\"><p style=\"text-align: center;\"><strong>Reinforced 100% cotton bags<\/strong><\/p><\/h2><\/div><span class=\" fusion-imageframe imageframe-none imageframe-1 hover-type-zoomin\"><a href=\"https:\/\/bcut.pt\/wp-content\/uploads\/2022\/09\/Saco_01.A-600x600.jpg\" class=\"fusion-lightbox\" data-rel=\"iLightbox[32a678d5a834ef36360]\" data-title=\"Saco_01.A\" title=\"Saco_01.A\"><img decoding=\"async\" width=\"600\" height=\"600\" src=\"https:\/\/bcut.pt\/wp-content\/uploads\/2022\/09\/Saco_01.A-600x600.jpg\" alt class=\"img-responsive wp-image-14482\" srcset=\"https:\/\/www.bcut.pt\/wp-content\/uploads\/2022\/09\/Saco_01.A-200x200.jpg 200w, https:\/\/www.bcut.pt\/wp-content\/uploads\/2022\/09\/Saco_01.A-400x400.jpg 400w, https:\/\/www.bcut.pt\/wp-content\/uploads\/2022\/09\/Saco_01.A-600x600.jpg 600w, https:\/\/www.bcut.pt\/wp-content\/uploads\/2022\/09\/Saco_01.A-800x800.jpg 800w, https:\/\/www.bcut.pt\/wp-content\/uploads\/2022\/09\/Saco_01.A-1200x1200.jpg 1200w, https:\/\/www.bcut.pt\/wp-content\/uploads\/2022\/09\/Saco_01.A.jpg 1500w\" sizes=\"(max-width: 800px) 100vw, 400px\" \/><\/a><\/span><div class=\"fusion-clearfix\"><\/div><\/div><\/div><div class=\"fusion-layout-column fusion_builder_column fusion-builder-column-2 fusion_builder_column_1_3 1_3 fusion-one-third\" style=\"width:33.333333333333%;width:calc(33.333333333333% - ( ( 4% + 4% ) * 0.33333333333333 ) );margin-right: 4%;margin-top:0px;margin-bottom:20px;\"><div class=\"fusion-column-wrapper fusion-flex-column-wrapper-legacy\" style=\"background-position:left top;background-repeat:no-repeat;-webkit-background-size:cover;-moz-background-size:cover;-o-background-size:cover;background-size:cover;padding: 0px 0px 0px 0px;\"><style type=\"text\/css\"><\/style><div class=\"fusion-title title fusion-title-3 fusion-sep-none fusion-title-center fusion-title-text fusion-title-size-two\" style=\"font-size:20px;margin-top:0px;margin-right:0px;margin-bottom:31px;margin-left:0px;\"><h2 class=\"title-heading-center\" style=\"margin:0;font-size:1em;\"><p style=\"text-align: center;\"><strong>Two-color 100% cotton bags<\/strong><\/p><\/h2><\/div><span class=\" fusion-imageframe imageframe-none imageframe-2 hover-type-zoomin\"><a href=\"https:\/\/www.bcut.pt\/wp-content\/uploads\/2019\/04\/sacos-algodao.jpg\" class=\"fusion-lightbox\" data-rel=\"iLightbox[a93b81dd5ac89822cfe]\" data-title=\"sacos-algodao\" title=\"sacos-algodao\"><img decoding=\"async\" width=\"600\" height=\"600\" src=\"https:\/\/www.bcut.pt\/wp-content\/uploads\/2019\/04\/sacos-algodao.jpg\" alt class=\"img-responsive wp-image-13807\" srcset=\"https:\/\/www.bcut.pt\/wp-content\/uploads\/2019\/04\/sacos-algodao-200x200.jpg 200w, https:\/\/www.bcut.pt\/wp-content\/uploads\/2019\/04\/sacos-algodao-400x400.jpg 400w, https:\/\/www.bcut.pt\/wp-content\/uploads\/2019\/04\/sacos-algodao.jpg 600w\" sizes=\"(max-width: 800px) 100vw, 400px\" \/><\/a><\/span><div class=\"fusion-clearfix\"><\/div><\/div><\/div><div class=\"fusion-layout-column fusion_builder_column fusion-builder-column-3 fusion_builder_column_1_3 1_3 fusion-one-third fusion-column-last\" style=\"width:33.333333333333%;width:calc(33.333333333333% - ( ( 4% + 4% ) * 0.33333333333333 ) );margin-top:0px;margin-bottom:20px;\"><div class=\"fusion-column-wrapper fusion-flex-column-wrapper-legacy\" style=\"background-position:left top;background-repeat:no-repeat;-webkit-background-size:cover;-moz-background-size:cover;-o-background-size:cover;background-size:cover;padding: 0px 0px 0px 0px;\"><style type=\"text\/css\"><\/style><div class=\"fusion-title title fusion-title-4 fusion-sep-none fusion-title-center fusion-title-text fusion-title-size-two\" style=\"font-size:20px;margin-top:0px;margin-right:0px;margin-bottom:31px;margin-left:0px;\"><h2 class=\"title-heading-center\" style=\"margin:0;font-size:1em;\"><p style=\"text-align: center;\"><strong>Small size 100% cotton bags<\/strong><\/p><\/h2><\/div><span class=\" fusion-imageframe imageframe-none imageframe-3 hover-type-zoomin\"><a href=\"https:\/\/bcut.pt\/wp-content\/uploads\/2022\/09\/Saco_03.A-600x600.jpg\" class=\"fusion-lightbox\" data-rel=\"iLightbox[12afc63bc3cde168a65]\" data-title=\"Saco_03.A\" title=\"Saco_03.A\"><img decoding=\"async\" width=\"600\" height=\"600\" src=\"https:\/\/bcut.pt\/wp-content\/uploads\/2022\/09\/Saco_03.A-600x600.jpg\" alt class=\"img-responsive wp-image-14485\" srcset=\"https:\/\/www.bcut.pt\/wp-content\/uploads\/2022\/09\/Saco_03.A-200x200.jpg 200w, https:\/\/www.bcut.pt\/wp-content\/uploads\/2022\/09\/Saco_03.A-400x400.jpg 400w, https:\/\/www.bcut.pt\/wp-content\/uploads\/2022\/09\/Saco_03.A-600x600.jpg 600w, https:\/\/www.bcut.pt\/wp-content\/uploads\/2022\/09\/Saco_03.A-800x800.jpg 800w, https:\/\/www.bcut.pt\/wp-content\/uploads\/2022\/09\/Saco_03.A-1200x1200.jpg 1200w, https:\/\/www.bcut.pt\/wp-content\/uploads\/2022\/09\/Saco_03.A.jpg 1500w\" sizes=\"(max-width: 800px) 100vw, 400px\" \/><\/a><\/span><div class=\"fusion-clearfix\"><\/div><\/div><\/div><div class=\"fusion-layout-column fusion_builder_column fusion-builder-column-4 fusion_builder_column_1_3 1_3 fusion-one-third fusion-column-first\" style=\"width:33.333333333333%;width:calc(33.333333333333% - ( ( 4% + 4% ) * 0.33333333333333 ) );margin-right: 4%;margin-top:0px;margin-bottom:20px;\"><div class=\"fusion-column-wrapper fusion-flex-column-wrapper-legacy\" style=\"background-position:left top;background-repeat:no-repeat;-webkit-background-size:cover;-moz-background-size:cover;-o-background-size:cover;background-size:cover;padding: 0px 0px 0px 0px;\"><style type=\"text\/css\"><\/style><div class=\"fusion-title title fusion-title-5 fusion-sep-none fusion-title-center fusion-title-text fusion-title-size-two\" style=\"font-size:20px;margin-top:0px;margin-right:0px;margin-bottom:31px;margin-left:0px;\"><h2 class=\"title-heading-center\" style=\"margin:0;font-size:1em;\"><p style=\"text-align: center;\"><strong>Non-woven shoe bag<\/strong><\/p><\/h2><\/div><span class=\" fusion-imageframe imageframe-none imageframe-4 hover-type-zoomin\"><a href=\"https:\/\/www.bcut.pt\/wp-content\/uploads\/2023\/03\/saco_calcado_02.png\" class=\"fusion-lightbox\" data-rel=\"iLightbox[5ab1414f34738f36f96]\" data-title=\"saco_calcado_02\" title=\"saco_calcado_02\"><img decoding=\"async\" width=\"400\" height=\"359\" src=\"https:\/\/www.bcut.pt\/wp-content\/uploads\/2023\/03\/saco_calcado_02.png\" alt class=\"img-responsive wp-image-15063\" srcset=\"https:\/\/www.bcut.pt\/wp-content\/uploads\/2023\/03\/saco_calcado_02-200x180.png 200w, https:\/\/www.bcut.pt\/wp-content\/uploads\/2023\/03\/saco_calcado_02.png 400w\" sizes=\"(max-width: 800px) 100vw, 400px\" \/><\/a><\/span><div class=\"fusion-clearfix\"><\/div><\/div><\/div><div class=\"fusion-layout-column fusion_builder_column fusion-builder-column-5 fusion_builder_column_1_3 1_3 fusion-one-third\" style=\"width:33.333333333333%;width:calc(33.333333333333% - ( ( 4% + 4% ) * 0.33333333333333 ) );margin-right: 4%;margin-top:0px;margin-bottom:20px;\"><div class=\"fusion-column-wrapper fusion-flex-column-wrapper-legacy\" style=\"background-position:left top;background-repeat:no-repeat;-webkit-background-size:cover;-moz-background-size:cover;-o-background-size:cover;background-size:cover;padding: 0px 0px 0px 0px;\"><style type=\"text\/css\"><\/style><div class=\"fusion-title title fusion-title-6 fusion-sep-none fusion-title-center fusion-title-text fusion-title-size-two\" style=\"font-size:20px;margin-top:0px;margin-right:0px;margin-bottom:31px;margin-left:0px;\"><h2 class=\"title-heading-center\" style=\"margin:0;font-size:1em;\"><p style=\"text-align: center;\"><strong>Carded flannel shoe bags<\/strong><\/p><\/h2><\/div><span class=\" fusion-imageframe imageframe-none imageframe-5 hover-type-zoomin\"><a href=\"https:\/\/www.bcut.pt\/wp-content\/uploads\/2021\/11\/sacos-para-calcado01.jpg\" class=\"fusion-lightbox\" data-rel=\"iLightbox[2dd0edac99076c75e01]\" data-title=\"sacos-para-calcado01\" title=\"sacos-para-calcado01\"><img decoding=\"async\" width=\"1000\" height=\"898\" src=\"https:\/\/www.bcut.pt\/wp-content\/uploads\/2021\/11\/sacos-para-calcado01.jpg\" alt class=\"img-responsive wp-image-14431\" srcset=\"https:\/\/www.bcut.pt\/wp-content\/uploads\/2021\/11\/sacos-para-calcado01-200x180.jpg 200w, https:\/\/www.bcut.pt\/wp-content\/uploads\/2021\/11\/sacos-para-calcado01-400x359.jpg 400w, https:\/\/www.bcut.pt\/wp-content\/uploads\/2021\/11\/sacos-para-calcado01-600x539.jpg 600w, https:\/\/www.bcut.pt\/wp-content\/uploads\/2021\/11\/sacos-para-calcado01-800x718.jpg 800w, https:\/\/www.bcut.pt\/wp-content\/uploads\/2021\/11\/sacos-para-calcado01.jpg 1000w\" sizes=\"(max-width: 800px) 100vw, 400px\" \/><\/a><\/span><div class=\"fusion-clearfix\"><\/div><\/div><\/div><div class=\"fusion-layout-column fusion_builder_column fusion-builder-column-6 fusion_builder_column_1_3 1_3 fusion-one-third fusion-column-last\" style=\"width:33.333333333333%;width:calc(33.333333333333% - ( ( 4% + 4% ) * 0.33333333333333 ) );margin-top:0px;margin-bottom:20px;\"><div class=\"fusion-column-wrapper fusion-flex-column-wrapper-legacy\" style=\"background-position:left top;background-repeat:no-repeat;-webkit-background-size:cover;-moz-background-size:cover;-o-background-size:cover;background-size:cover;padding: 0px 0px 0px 0px;\"><style type=\"text\/css\"><\/style><div class=\"fusion-title title fusion-title-7 fusion-sep-none fusion-title-center fusion-title-text fusion-title-size-two\" style=\"font-size:20px;margin-top:0px;margin-right:0px;margin-bottom:31px;margin-left:0px;\"><h2 class=\"title-heading-center\" style=\"margin:0;font-size:1em;\"><strong>100% cotton shoe bags <\/strong><\/h2><\/div><span class=\" fusion-imageframe imageframe-none imageframe-6 hover-type-zoomin\"><a href=\"https:\/\/www.bcut.pt\/wp-content\/uploads\/2023\/03\/saco_calcado_01.png\" class=\"fusion-lightbox\" data-rel=\"iLightbox[c2d3aa96c0e3c2dcf47]\" data-title=\"saco_calcado_01\" title=\"saco_calcado_01\"><img decoding=\"async\" width=\"400\" height=\"359\" src=\"https:\/\/www.bcut.pt\/wp-content\/uploads\/2023\/03\/saco_calcado_01.png\" alt class=\"img-responsive wp-image-15059\" srcset=\"https:\/\/www.bcut.pt\/wp-content\/uploads\/2023\/03\/saco_calcado_01-200x180.png 200w, https:\/\/www.bcut.pt\/wp-content\/uploads\/2023\/03\/saco_calcado_01.png 400w\" sizes=\"(max-width: 800px) 100vw, 400px\" \/><\/a><\/span><div class=\"fusion-clearfix\"><\/div><\/div><\/div><div class=\"fusion-layout-column fusion_builder_column fusion-builder-column-7 fusion_builder_column_1_1 1_1 fusion-one-full fusion-column-first fusion-column-last\" style=\"margin-top:0px;margin-bottom:20px;\"><div class=\"fusion-column-wrapper fusion-flex-column-wrapper-legacy\" style=\"background-position:left top;background-repeat:no-repeat;-webkit-background-size:cover;-moz-background-size:cover;-o-background-size:cover;background-size:cover;padding: 0px 0px 0px 0px;\"><div class=\"fusion-clearfix\"><\/div><\/div><\/div><div class=\"fusion-layout-column fusion_builder_column fusion-builder-column-8 fusion_builder_column_1_3 1_3 fusion-one-third fusion-column-first\" style=\"width:33.333333333333%;width:calc(33.333333333333% - ( ( 4% + 4% ) * 0.33333333333333 ) );margin-right: 4%;margin-top:0px;margin-bottom:20px;\"><div class=\"fusion-column-wrapper fusion-flex-column-wrapper-legacy\" style=\"background-position:left top;background-repeat:no-repeat;-webkit-background-size:cover;-moz-background-size:cover;-o-background-size:cover;background-size:cover;padding: 0px 0px 0px 0px;\"><div class=\"fusion-text fusion-text-1\" style=\"font-size:22px;color:#4f4f4f;\"><p style=\"text-align: center;\">Nowoven clothing protection bag<\/p>\n<\/div><div class=\"imageframe-align-center\"><span class=\" fusion-imageframe imageframe-none imageframe-7 hover-type-zoomin\"><a href=\"https:\/\/www.bcut.pt\/wp-content\/uploads\/2023\/01\/Porta-Fatos_01-400x951.png\" class=\"fusion-lightbox\" data-rel=\"iLightbox[f1b0a2bd9724265cd8c]\" data-title=\"Porta-Fatos_01\" title=\"Porta-Fatos_01\"><img decoding=\"async\" width=\"126\" height=\"300\" src=\"https:\/\/www.bcut.pt\/wp-content\/uploads\/2023\/01\/Porta-Fatos_01-126x300.png\" alt class=\"img-responsive wp-image-14995\" srcset=\"https:\/\/www.bcut.pt\/wp-content\/uploads\/2023\/01\/Porta-Fatos_01-200x475.png 200w, https:\/\/www.bcut.pt\/wp-content\/uploads\/2023\/01\/Porta-Fatos_01-400x951.png 400w, https:\/\/www.bcut.pt\/wp-content\/uploads\/2023\/01\/Porta-Fatos_01-600x1426.png 600w, https:\/\/www.bcut.pt\/wp-content\/uploads\/2023\/01\/Porta-Fatos_01.png 631w\" sizes=\"(max-width: 800px) 100vw, 400px\" \/><\/a><\/span><\/div><div class=\"fusion-clearfix\"><\/div><\/div><\/div><div class=\"fusion-layout-column fusion_builder_column fusion-builder-column-9 fusion_builder_column_1_3 1_3 fusion-one-third\" style=\"width:33.333333333333%;width:calc(33.333333333333% - ( ( 4% + 4% ) * 0.33333333333333 ) );margin-right: 4%;margin-top:0px;margin-bottom:20px;\"><div class=\"fusion-column-wrapper fusion-flex-column-wrapper-legacy\" style=\"background-position:left top;background-repeat:no-repeat;-webkit-background-size:cover;-moz-background-size:cover;-o-background-size:cover;background-size:cover;padding: 0px 0px 0px 0px;\"><div class=\"fusion-text fusion-text-2\" style=\"font-size:22px;color:#4f4f4f;\"><p style=\"text-align: center;\">NWF &#8220;Nonwoven fabric&#8221; bags<\/p>\n<\/div><div class=\"imageframe-align-center\"><span class=\" fusion-imageframe imageframe-none imageframe-8 hover-type-zoomin\"><a href=\"https:\/\/www.bcut.pt\/wp-content\/uploads\/2023\/01\/Porta-Fatos_02-400x878.png\" class=\"fusion-lightbox\" data-rel=\"iLightbox[f6b278dd6135fb9f17e]\" data-title=\"Porta-Fatos_02\" title=\"sacos-tnt01\"><img decoding=\"async\" width=\"600\" height=\"600\" src=\"https:\/\/www.bcut.pt\/wp-content\/uploads\/2021\/11\/sacos-tnt01.jpg\" alt class=\"img-responsive wp-image-14428\" srcset=\"https:\/\/www.bcut.pt\/wp-content\/uploads\/2021\/11\/sacos-tnt01-200x200.jpg 200w, https:\/\/www.bcut.pt\/wp-content\/uploads\/2021\/11\/sacos-tnt01-400x400.jpg 400w, https:\/\/www.bcut.pt\/wp-content\/uploads\/2021\/11\/sacos-tnt01.jpg 600w\" sizes=\"(max-width: 800px) 100vw, 400px\" \/><\/a><\/span><\/div><div class=\"fusion-clearfix\"><\/div><\/div><\/div><div class=\"fusion-layout-column fusion_builder_column fusion-builder-column-10 fusion_builder_column_1_3 1_3 fusion-one-third fusion-column-last\" style=\"width:33.333333333333%;width:calc(33.333333333333% - ( ( 4% + 4% ) * 0.33333333333333 ) );margin-top:0px;margin-bottom:20px;\"><div class=\"fusion-column-wrapper fusion-flex-column-wrapper-legacy\" style=\"background-position:left top;background-repeat:no-repeat;-webkit-background-size:cover;-moz-background-size:cover;-o-background-size:cover;background-size:cover;padding: 0px 0px 0px 0px;\"><div class=\"fusion-clearfix\"><\/div><\/div><\/div><div class=\"fusion-layout-column fusion_builder_column fusion-builder-column-11 fusion_builder_column_1_1 1_1 fusion-one-full fusion-column-first fusion-column-last\" style=\"margin-top:0px;margin-bottom:20px;\"><div class=\"fusion-column-wrapper fusion-flex-column-wrapper-legacy\" style=\"background-position:left top;background-repeat:no-repeat;-webkit-background-size:cover;-moz-background-size:cover;-o-background-size:cover;background-size:cover;padding: 60px 0px 0px 0px;\"><div class=\"fusion-text fusion-text-3\" style=\"font-size:22px;color:#4f4f4f;\"><p style=\"font-weight: 400; text-align: center;\">BCUT has extensive experience in the design, development and production of customizable bags, in different materials, shapes and sizes.<\/p>\n<p style=\"font-weight: 400; text-align: center;\">Contact us for more information!<\/p>\n<\/div><div class=\"fusion-clearfix\"><\/div><\/div><\/div><div class=\"fusion-layout-column fusion_builder_column fusion-builder-column-12 fusion_builder_column_1_1 1_1 fusion-one-full fusion-column-first fusion-column-last\" style=\"margin-top:0px;margin-bottom:20px;\"><div class=\"fusion-column-wrapper fusion-flex-column-wrapper-legacy\" style=\"background-position:left top;background-repeat:no-repeat;-webkit-background-size:cover;-moz-background-size:cover;-o-background-size:cover;background-size:cover;padding: 0px 0px 0px 0px;\"><div class=\"fusion-column-content-centered\"><div class=\"fusion-column-content\"><div class=\"fusion-aligncenter\"><style>.fusion-body .fusion-button.button-1{border-radius:0 0 0 0;}<\/style><a class=\"fusion-button button-flat fusion-button-default-size button-default button-1 fusion-button-default-span fusion-button-default-type\" target=\"_self\" href=\"https:\/\/bcut.pt\/contatos\/\"><span class=\"fusion-button-text\">Contact us<\/span><\/a><\/div><\/div><\/div><div class=\"fusion-clearfix\"><\/div><\/div><\/div><\/div><\/div><\/p>\n","protected":false},"excerpt":{"rendered":"","protected":false},"author":1,"featured_media":0,"parent":0,"menu_order":0,"comment_status":"closed","ping_status":"closed","template":"100-width.php","meta":{"_acf_changed":false,"footnotes":""},"class_list":["post-14642","page","type-page","status-publish","hentry"],"acf":[],"yoast_head":"<!-- This site is optimized with the Yoast SEO plugin v27.5 - https:\/\/yoast.com\/product\/yoast-seo-wordpress\/ -->\n<title>Bags - BCUT<\/title>\n<meta name=\"robots\" content=\"index, follow, max-snippet:-1, max-image-preview:large, max-video-preview:-1\" \/>\n<link rel=\"canonical\" href=\"https:\/\/www.bcut.pt\/en\/bags\/\" \/>\n<meta property=\"og:locale\" content=\"en_US\" \/>\n<meta property=\"og:type\" content=\"article\" \/>\n<meta property=\"og:title\" content=\"Bags - BCUT\" \/>\n<meta property=\"og:url\" content=\"https:\/\/www.bcut.pt\/en\/bags\/\" \/>\n<meta property=\"og:site_name\" content=\"BCUT\" \/>\n<meta property=\"article:modified_time\" content=\"2023-03-30T23:10:53+00:00\" \/>\n<meta name=\"twitter:card\" content=\"summary_large_image\" \/>\n<meta name=\"twitter:label1\" content=\"Est. reading time\" \/>\n\t<meta name=\"twitter:data1\" content=\"12 minutes\" \/>\n<script type=\"application\/ld+json\" class=\"yoast-schema-graph\">{\"@context\":\"https:\\\/\\\/schema.org\",\"@graph\":[{\"@type\":\"WebPage\",\"@id\":\"https:\\\/\\\/www.bcut.pt\\\/en\\\/bags\\\/\",\"url\":\"https:\\\/\\\/www.bcut.pt\\\/en\\\/bags\\\/\",\"name\":\"Bags - BCUT\",\"isPartOf\":{\"@id\":\"https:\\\/\\\/bcut.pt\\\/#website\"},\"datePublished\":\"2019-04-18T17:17:02+00:00\",\"dateModified\":\"2023-03-30T23:10:53+00:00\",\"breadcrumb\":{\"@id\":\"https:\\\/\\\/www.bcut.pt\\\/en\\\/bags\\\/#breadcrumb\"},\"inLanguage\":\"en-US\",\"potentialAction\":[{\"@type\":\"ReadAction\",\"target\":[\"https:\\\/\\\/www.bcut.pt\\\/en\\\/bags\\\/\"]}]},{\"@type\":\"BreadcrumbList\",\"@id\":\"https:\\\/\\\/www.bcut.pt\\\/en\\\/bags\\\/#breadcrumb\",\"itemListElement\":[{\"@type\":\"ListItem\",\"position\":1,\"name\":\"Home\",\"item\":\"https:\\\/\\\/www.bcut.pt\\\/en\\\/home\\\/\"},{\"@type\":\"ListItem\",\"position\":2,\"name\":\"Bags\"}]},{\"@type\":\"WebSite\",\"@id\":\"https:\\\/\\\/bcut.pt\\\/#website\",\"url\":\"https:\\\/\\\/bcut.pt\\\/\",\"name\":\"BCUT\",\"description\":\"O com\u00e9rcio de fitas \u00e9 a nossa dedica\u00e7\u00e3o. A nossa arte encontra-se na transforma\u00e7\u00e3o e dedica\u00e7\u00e3o atribu\u00eddas na sua conce\u00e7\u00e3o.\",\"publisher\":{\"@id\":\"https:\\\/\\\/bcut.pt\\\/#organization\"},\"potentialAction\":[{\"@type\":\"SearchAction\",\"target\":{\"@type\":\"EntryPoint\",\"urlTemplate\":\"https:\\\/\\\/bcut.pt\\\/?s={search_term_string}\"},\"query-input\":{\"@type\":\"PropertyValueSpecification\",\"valueRequired\":true,\"valueName\":\"search_term_string\"}}],\"inLanguage\":\"en-US\"},{\"@type\":\"Organization\",\"@id\":\"https:\\\/\\\/bcut.pt\\\/#organization\",\"name\":\"Bcut\",\"url\":\"https:\\\/\\\/bcut.pt\\\/\",\"logo\":{\"@type\":\"ImageObject\",\"inLanguage\":\"en-US\",\"@id\":\"https:\\\/\\\/bcut.pt\\\/#\\\/schema\\\/logo\\\/image\\\/\",\"url\":\"https:\\\/\\\/bcut.pt\\\/wp-content\\\/uploads\\\/2019\\\/04\\\/Logo_Big.png\",\"contentUrl\":\"https:\\\/\\\/bcut.pt\\\/wp-content\\\/uploads\\\/2019\\\/04\\\/Logo_Big.png\",\"width\":379,\"height\":153,\"caption\":\"Bcut\"},\"image\":{\"@id\":\"https:\\\/\\\/bcut.pt\\\/#\\\/schema\\\/logo\\\/image\\\/\"}}]}<\/script>\n<!-- \/ Yoast SEO plugin. -->","yoast_head_json":{"title":"Bags - BCUT","robots":{"index":"index","follow":"follow","max-snippet":"max-snippet:-1","max-image-preview":"max-image-preview:large","max-video-preview":"max-video-preview:-1"},"canonical":"https:\/\/www.bcut.pt\/en\/bags\/","og_locale":"en_US","og_type":"article","og_title":"Bags - BCUT","og_url":"https:\/\/www.bcut.pt\/en\/bags\/","og_site_name":"BCUT","article_modified_time":"2023-03-30T23:10:53+00:00","twitter_card":"summary_large_image","twitter_misc":{"Est. reading time":"12 minutes"},"schema":{"@context":"https:\/\/schema.org","@graph":[{"@type":"WebPage","@id":"https:\/\/www.bcut.pt\/en\/bags\/","url":"https:\/\/www.bcut.pt\/en\/bags\/","name":"Bags - BCUT","isPartOf":{"@id":"https:\/\/bcut.pt\/#website"},"datePublished":"2019-04-18T17:17:02+00:00","dateModified":"2023-03-30T23:10:53+00:00","breadcrumb":{"@id":"https:\/\/www.bcut.pt\/en\/bags\/#breadcrumb"},"inLanguage":"en-US","potentialAction":[{"@type":"ReadAction","target":["https:\/\/www.bcut.pt\/en\/bags\/"]}]},{"@type":"BreadcrumbList","@id":"https:\/\/www.bcut.pt\/en\/bags\/#breadcrumb","itemListElement":[{"@type":"ListItem","position":1,"name":"Home","item":"https:\/\/www.bcut.pt\/en\/home\/"},{"@type":"ListItem","position":2,"name":"Bags"}]},{"@type":"WebSite","@id":"https:\/\/bcut.pt\/#website","url":"https:\/\/bcut.pt\/","name":"BCUT","description":"O com\u00e9rcio de fitas \u00e9 a nossa dedica\u00e7\u00e3o. A nossa arte encontra-se na transforma\u00e7\u00e3o e dedica\u00e7\u00e3o atribu\u00eddas na sua conce\u00e7\u00e3o.","publisher":{"@id":"https:\/\/bcut.pt\/#organization"},"potentialAction":[{"@type":"SearchAction","target":{"@type":"EntryPoint","urlTemplate":"https:\/\/bcut.pt\/?s={search_term_string}"},"query-input":{"@type":"PropertyValueSpecification","valueRequired":true,"valueName":"search_term_string"}}],"inLanguage":"en-US"},{"@type":"Organization","@id":"https:\/\/bcut.pt\/#organization","name":"Bcut","url":"https:\/\/bcut.pt\/","logo":{"@type":"ImageObject","inLanguage":"en-US","@id":"https:\/\/bcut.pt\/#\/schema\/logo\/image\/","url":"https:\/\/bcut.pt\/wp-content\/uploads\/2019\/04\/Logo_Big.png","contentUrl":"https:\/\/bcut.pt\/wp-content\/uploads\/2019\/04\/Logo_Big.png","width":379,"height":153,"caption":"Bcut"},"image":{"@id":"https:\/\/bcut.pt\/#\/schema\/logo\/image\/"}}]}},"_links":{"self":[{"href":"https:\/\/www.bcut.pt\/en\/wp-json\/wp\/v2\/pages\/14642","targetHints":{"allow":["GET"]}}],"collection":[{"href":"https:\/\/www.bcut.pt\/en\/wp-json\/wp\/v2\/pages"}],"about":[{"href":"https:\/\/www.bcut.pt\/en\/wp-json\/wp\/v2\/types\/page"}],"author":[{"embeddable":true,"href":"https:\/\/www.bcut.pt\/en\/wp-json\/wp\/v2\/users\/1"}],"replies":[{"embeddable":true,"href":"https:\/\/www.bcut.pt\/en\/wp-json\/wp\/v2\/comments?post=14642"}],"version-history":[{"count":22,"href":"https:\/\/www.bcut.pt\/en\/wp-json\/wp\/v2\/pages\/14642\/revisions"}],"predecessor-version":[{"id":15087,"href":"https:\/\/www.bcut.pt\/en\/wp-json\/wp\/v2\/pages\/14642\/revisions\/15087"}],"wp:attachment":[{"href":"https:\/\/www.bcut.pt\/en\/wp-json\/wp\/v2\/media?parent=14642"}],"curies":[{"name":"wp","href":"https:\/\/api.w.org\/{rel}","templated":true}]}}