{"id":14638,"date":"2020-05-14T23:08:35","date_gmt":"2020-05-14T23:08:35","guid":{"rendered":"https:\/\/www.bcut.pt\/co-financed-project-bmask\/"},"modified":"2022-12-12T15:31:39","modified_gmt":"2022-12-12T15:31:39","slug":"co-financed-project-bmask","status":"publish","type":"page","link":"https:\/\/www.bcut.pt\/en\/co-financed-project-bmask\/","title":{"rendered":"Co-financed project: Bmask"},"content":{"rendered":"<div class=\"fusion-fullwidth fullwidth-box fusion-builder-row-1 nonhundred-percent-fullwidth non-hundred-percent-height-scrolling\" style=\"background-color: rgba(255,255,255,0);background-position: center center;background-repeat: no-repeat;padding-top:0px;padding-right:0px;padding-bottom:0px;padding-left:0px;margin-bottom: 0px;margin-top: 0px;border-width: 0px 0px 0px 0px;border-color:#eae9e9;border-style:solid;\" ><div class=\"fusion-builder-row fusion-row\"><div class=\"fusion-layout-column fusion_builder_column fusion-builder-column-0 fusion_builder_column_1_1 1_1 fusion-one-full fusion-column-first fusion-column-last\" style=\"margin-top:0px;margin-bottom:20px;\"><div class=\"fusion-column-wrapper fusion-flex-column-wrapper-legacy\" style=\"background-position:left top;background-repeat:no-repeat;-webkit-background-size:cover;-moz-background-size:cover;-o-background-size:cover;background-size:cover;padding: 0px 0px 0px 0px;\"><span class=\" fusion-imageframe imageframe-none imageframe-1 hover-type-none\"><img decoding=\"async\" width=\"1024\" height=\"132\" title=\"Anexo 2 &#8211; Barra Assinaturas_DYNAMIC TRUST\" src=\"https:\/\/bcut.pt\/wp-content\/uploads\/2020\/05\/Anexo-2-Barra-Assinaturas_DYNAMIC-TRUST-1024x132.jpg\" alt class=\"img-responsive wp-image-14290\" srcset=\"https:\/\/www.bcut.pt\/wp-content\/uploads\/2020\/05\/Anexo-2-Barra-Assinaturas_DYNAMIC-TRUST-200x26.jpg 200w, https:\/\/www.bcut.pt\/wp-content\/uploads\/2020\/05\/Anexo-2-Barra-Assinaturas_DYNAMIC-TRUST-400x52.jpg 400w, https:\/\/www.bcut.pt\/wp-content\/uploads\/2020\/05\/Anexo-2-Barra-Assinaturas_DYNAMIC-TRUST-600x77.jpg 600w, https:\/\/www.bcut.pt\/wp-content\/uploads\/2020\/05\/Anexo-2-Barra-Assinaturas_DYNAMIC-TRUST-800x103.jpg 800w, https:\/\/www.bcut.pt\/wp-content\/uploads\/2020\/05\/Anexo-2-Barra-Assinaturas_DYNAMIC-TRUST-1200x155.jpg 1200w, https:\/\/www.bcut.pt\/wp-content\/uploads\/2020\/05\/Anexo-2-Barra-Assinaturas_DYNAMIC-TRUST-scaled.jpg 2560w\" sizes=\"(max-width: 800px) 100vw, 1200px\" \/><\/span><div class=\"fusion-text fusion-text-1\" style=\"font-size:16px;text-transform:none;\"><p><strong>Project designation:<\/strong> BMASK<br \/>\n<strong>Project code:<\/strong> NORTE-02-08B9-FEDER-048155<br \/>\n<strong>Main objective:<\/strong> Strengthen the competitiveness of Small and Medium Enterprises<br \/>\n<strong>Intervention region:<\/strong> North<br \/>\n<strong>Beneficiary Entity:<\/strong> DYNAMIC TRUST LDA<br \/>\n<strong>Approval date:<\/strong> 05\/12\/2020<br \/>\n<strong>Start date:<\/strong> 05\/15\/2020<br \/>\n<strong>End date:<\/strong> 07\/10\/2020 07\/10\/2020<br \/>\n<strong>Total eligible cost:<\/strong> 475,000.00 euros<br \/>\n<strong>Financial support from the European Union:<\/strong> 380,000.00 Euros &#8211; FEDER<\/p>\n<p><strong>Objectives, activities and expected\/achieved results:<\/strong><br \/>\nThe main objective of the project is to enable Dynamic Trust, with the introduction of a new area in the company, for the production of goods intended to combat the COVID-19 pandemic and meet the needs of today&#8217;s society, namely disposable masks and surgical gowns, while helping to increase their competitiveness.<\/p>\n<p><strong>Results to be achieved and achieved within the scope of the project:<\/strong><br \/>\n\u2013 Number of products (goods and services) relevant to COVID-19: 3<\/p>\n<\/div><div class=\"fusion-clearfix\"><\/div><\/div><\/div><\/div><\/div>\n","protected":false},"excerpt":{"rendered":"","protected":false},"author":1,"featured_media":0,"parent":0,"menu_order":0,"comment_status":"closed","ping_status":"closed","template":"","meta":{"_acf_changed":false,"footnotes":""},"class_list":["post-14638","page","type-page","status-publish","hentry"],"acf":[],"yoast_head":"<!-- This site is optimized with the Yoast SEO plugin v27.5 - https:\/\/yoast.com\/product\/yoast-seo-wordpress\/ -->\n<title>Co-financed project: Bmask - BCUT<\/title>\n<meta name=\"robots\" content=\"index, follow, max-snippet:-1, max-image-preview:large, max-video-preview:-1\" \/>\n<link rel=\"canonical\" href=\"https:\/\/www.bcut.pt\/en\/co-financed-project-bmask\/\" \/>\n<meta property=\"og:locale\" content=\"en_US\" \/>\n<meta property=\"og:type\" content=\"article\" \/>\n<meta property=\"og:title\" content=\"Co-financed project: Bmask - BCUT\" \/>\n<meta property=\"og:url\" content=\"https:\/\/www.bcut.pt\/en\/co-financed-project-bmask\/\" \/>\n<meta property=\"og:site_name\" content=\"BCUT\" \/>\n<meta property=\"article:modified_time\" content=\"2022-12-12T15:31:39+00:00\" \/>\n<meta name=\"twitter:card\" content=\"summary_large_image\" \/>\n<meta name=\"twitter:label1\" content=\"Est. reading time\" \/>\n\t<meta name=\"twitter:data1\" content=\"3 minutes\" \/>\n<script type=\"application\/ld+json\" class=\"yoast-schema-graph\">{\"@context\":\"https:\\\/\\\/schema.org\",\"@graph\":[{\"@type\":\"WebPage\",\"@id\":\"https:\\\/\\\/www.bcut.pt\\\/en\\\/co-financed-project-bmask\\\/\",\"url\":\"https:\\\/\\\/www.bcut.pt\\\/en\\\/co-financed-project-bmask\\\/\",\"name\":\"Co-financed project: Bmask - BCUT\",\"isPartOf\":{\"@id\":\"https:\\\/\\\/bcut.pt\\\/#website\"},\"datePublished\":\"2020-05-14T23:08:35+00:00\",\"dateModified\":\"2022-12-12T15:31:39+00:00\",\"breadcrumb\":{\"@id\":\"https:\\\/\\\/www.bcut.pt\\\/en\\\/co-financed-project-bmask\\\/#breadcrumb\"},\"inLanguage\":\"en-US\",\"potentialAction\":[{\"@type\":\"ReadAction\",\"target\":[\"https:\\\/\\\/www.bcut.pt\\\/en\\\/co-financed-project-bmask\\\/\"]}]},{\"@type\":\"BreadcrumbList\",\"@id\":\"https:\\\/\\\/www.bcut.pt\\\/en\\\/co-financed-project-bmask\\\/#breadcrumb\",\"itemListElement\":[{\"@type\":\"ListItem\",\"position\":1,\"name\":\"Home\",\"item\":\"https:\\\/\\\/www.bcut.pt\\\/en\\\/home\\\/\"},{\"@type\":\"ListItem\",\"position\":2,\"name\":\"Co-financed project: Bmask\"}]},{\"@type\":\"WebSite\",\"@id\":\"https:\\\/\\\/bcut.pt\\\/#website\",\"url\":\"https:\\\/\\\/bcut.pt\\\/\",\"name\":\"BCUT\",\"description\":\"O com\u00e9rcio de fitas \u00e9 a nossa dedica\u00e7\u00e3o. A nossa arte encontra-se na transforma\u00e7\u00e3o e dedica\u00e7\u00e3o atribu\u00eddas na sua conce\u00e7\u00e3o.\",\"publisher\":{\"@id\":\"https:\\\/\\\/bcut.pt\\\/#organization\"},\"potentialAction\":[{\"@type\":\"SearchAction\",\"target\":{\"@type\":\"EntryPoint\",\"urlTemplate\":\"https:\\\/\\\/bcut.pt\\\/?s={search_term_string}\"},\"query-input\":{\"@type\":\"PropertyValueSpecification\",\"valueRequired\":true,\"valueName\":\"search_term_string\"}}],\"inLanguage\":\"en-US\"},{\"@type\":\"Organization\",\"@id\":\"https:\\\/\\\/bcut.pt\\\/#organization\",\"name\":\"Bcut\",\"url\":\"https:\\\/\\\/bcut.pt\\\/\",\"logo\":{\"@type\":\"ImageObject\",\"inLanguage\":\"en-US\",\"@id\":\"https:\\\/\\\/bcut.pt\\\/#\\\/schema\\\/logo\\\/image\\\/\",\"url\":\"https:\\\/\\\/bcut.pt\\\/wp-content\\\/uploads\\\/2019\\\/04\\\/Logo_Big.png\",\"contentUrl\":\"https:\\\/\\\/bcut.pt\\\/wp-content\\\/uploads\\\/2019\\\/04\\\/Logo_Big.png\",\"width\":379,\"height\":153,\"caption\":\"Bcut\"},\"image\":{\"@id\":\"https:\\\/\\\/bcut.pt\\\/#\\\/schema\\\/logo\\\/image\\\/\"}}]}<\/script>\n<!-- \/ Yoast SEO plugin. -->","yoast_head_json":{"title":"Co-financed project: Bmask - BCUT","robots":{"index":"index","follow":"follow","max-snippet":"max-snippet:-1","max-image-preview":"max-image-preview:large","max-video-preview":"max-video-preview:-1"},"canonical":"https:\/\/www.bcut.pt\/en\/co-financed-project-bmask\/","og_locale":"en_US","og_type":"article","og_title":"Co-financed project: Bmask - BCUT","og_url":"https:\/\/www.bcut.pt\/en\/co-financed-project-bmask\/","og_site_name":"BCUT","article_modified_time":"2022-12-12T15:31:39+00:00","twitter_card":"summary_large_image","twitter_misc":{"Est. reading time":"3 minutes"},"schema":{"@context":"https:\/\/schema.org","@graph":[{"@type":"WebPage","@id":"https:\/\/www.bcut.pt\/en\/co-financed-project-bmask\/","url":"https:\/\/www.bcut.pt\/en\/co-financed-project-bmask\/","name":"Co-financed project: Bmask - BCUT","isPartOf":{"@id":"https:\/\/bcut.pt\/#website"},"datePublished":"2020-05-14T23:08:35+00:00","dateModified":"2022-12-12T15:31:39+00:00","breadcrumb":{"@id":"https:\/\/www.bcut.pt\/en\/co-financed-project-bmask\/#breadcrumb"},"inLanguage":"en-US","potentialAction":[{"@type":"ReadAction","target":["https:\/\/www.bcut.pt\/en\/co-financed-project-bmask\/"]}]},{"@type":"BreadcrumbList","@id":"https:\/\/www.bcut.pt\/en\/co-financed-project-bmask\/#breadcrumb","itemListElement":[{"@type":"ListItem","position":1,"name":"Home","item":"https:\/\/www.bcut.pt\/en\/home\/"},{"@type":"ListItem","position":2,"name":"Co-financed project: Bmask"}]},{"@type":"WebSite","@id":"https:\/\/bcut.pt\/#website","url":"https:\/\/bcut.pt\/","name":"BCUT","description":"O com\u00e9rcio de fitas \u00e9 a nossa dedica\u00e7\u00e3o. A nossa arte encontra-se na transforma\u00e7\u00e3o e dedica\u00e7\u00e3o atribu\u00eddas na sua conce\u00e7\u00e3o.","publisher":{"@id":"https:\/\/bcut.pt\/#organization"},"potentialAction":[{"@type":"SearchAction","target":{"@type":"EntryPoint","urlTemplate":"https:\/\/bcut.pt\/?s={search_term_string}"},"query-input":{"@type":"PropertyValueSpecification","valueRequired":true,"valueName":"search_term_string"}}],"inLanguage":"en-US"},{"@type":"Organization","@id":"https:\/\/bcut.pt\/#organization","name":"Bcut","url":"https:\/\/bcut.pt\/","logo":{"@type":"ImageObject","inLanguage":"en-US","@id":"https:\/\/bcut.pt\/#\/schema\/logo\/image\/","url":"https:\/\/bcut.pt\/wp-content\/uploads\/2019\/04\/Logo_Big.png","contentUrl":"https:\/\/bcut.pt\/wp-content\/uploads\/2019\/04\/Logo_Big.png","width":379,"height":153,"caption":"Bcut"},"image":{"@id":"https:\/\/bcut.pt\/#\/schema\/logo\/image\/"}}]}},"_links":{"self":[{"href":"https:\/\/www.bcut.pt\/en\/wp-json\/wp\/v2\/pages\/14638","targetHints":{"allow":["GET"]}}],"collection":[{"href":"https:\/\/www.bcut.pt\/en\/wp-json\/wp\/v2\/pages"}],"about":[{"href":"https:\/\/www.bcut.pt\/en\/wp-json\/wp\/v2\/types\/page"}],"author":[{"embeddable":true,"href":"https:\/\/www.bcut.pt\/en\/wp-json\/wp\/v2\/users\/1"}],"replies":[{"embeddable":true,"href":"https:\/\/www.bcut.pt\/en\/wp-json\/wp\/v2\/comments?post=14638"}],"version-history":[{"count":3,"href":"https:\/\/www.bcut.pt\/en\/wp-json\/wp\/v2\/pages\/14638\/revisions"}],"predecessor-version":[{"id":14641,"href":"https:\/\/www.bcut.pt\/en\/wp-json\/wp\/v2\/pages\/14638\/revisions\/14641"}],"wp:attachment":[{"href":"https:\/\/www.bcut.pt\/en\/wp-json\/wp\/v2\/media?parent=14638"}],"curies":[{"name":"wp","href":"https:\/\/api.w.org\/{rel}","templated":true}]}}