{"id":14596,"date":"2020-03-31T18:23:08","date_gmt":"2020-03-31T18:23:08","guid":{"rendered":"https:\/\/www.bcut.pt\/contacts\/"},"modified":"2025-01-24T15:01:19","modified_gmt":"2025-01-24T15:01:19","slug":"contacts","status":"publish","type":"page","link":"https:\/\/www.bcut.pt\/en\/contacts\/","title":{"rendered":"Contacts"},"content":{"rendered":"<p><div class=\"fusion-fullwidth fullwidth-box fusion-builder-row-1 fusion-parallax-none hundred-percent-fullwidth non-hundred-percent-height-scrolling\" style=\"background-color: rgba(255,255,255,0);background-image: url(&quot;https:\/\/bcut.pt\/wp-content\/uploads\/2019\/04\/home7.jpg&quot;);background-position: center center;background-repeat: repeat;padding-top:10%;padding-right:0px;padding-bottom:10%;padding-left:0px;margin-bottom: 0px;margin-top: 0px;border-width: 0px 0px 0px 0px;border-color:#eae9e9;border-style:solid;\" ><div class=\"fusion-builder-row fusion-row\"><div class=\"fusion-layout-column fusion_builder_column fusion-builder-column-0 fusion_builder_column_1_1 1_1 fusion-one-full fusion-column-first fusion-column-last fusion-column-no-min-height\" style=\"margin-top:0px;margin-bottom:0px;\"><div class=\"fusion-column-wrapper fusion-flex-column-wrapper-legacy\" style=\"background-position:left top;background-blend-mode: overlay;background-repeat:no-repeat;-webkit-background-size:cover;-moz-background-size:cover;-o-background-size:cover;background-size:cover;padding: 0px 0px 0px 0px;\"><div class=\"fusion-text fusion-text-1\"><h1 style=\"text-align: center; font-size: 60px; line-height: 70px;\"><span style=\"color: #ffffff;\">We are here to serve you <\/span><\/h1>\n<\/div><div class=\"fusion-text fusion-text-2\"><p style=\"text-align: center; font-size: 18px; line-height: 29px;\"><span style=\"color: #fff;\">Customer loyalty and satisfaction are the foundation of our success.<\/span><\/p>\n<\/div><div class=\"fusion-clearfix\"><\/div><\/div><\/div><\/div><\/div><div class=\"fusion-fullwidth fullwidth-box fusion-builder-row-2 nonhundred-percent-fullwidth non-hundred-percent-height-scrolling\" style=\"background-color: rgba(255,255,255,0);background-position: left top;background-repeat: no-repeat;padding-top:5%;padding-right:0px;padding-bottom:5%;padding-left:0px;margin-bottom: 0px;margin-top: 0px;border-width: 0px 0px 0px 0px;border-color:#eae9e9;border-style:solid;\" ><div class=\"fusion-builder-row fusion-row\"><div class=\"fusion-layout-column fusion_builder_column fusion-builder-column-1 fusion_builder_column_1_2 1_2 fusion-one-half fusion-column-first\" style=\"width:48%; margin-right: 4%;margin-top:0px;margin-bottom:0px;\"><div class=\"fusion-column-wrapper fusion-flex-column-wrapper-legacy\" style=\"background-position:left top;background-blend-mode: overlay;background-repeat:no-repeat;-webkit-background-size:cover;-moz-background-size:cover;-o-background-size:cover;background-size:cover;padding: 0px 0px 0px 0px;\"><div class=\"fusion-text fusion-text-3\"><h1 class=\"fusion-responsive-typography-calculated\" style=\"line-height: 1.18; text-align: left; --fontsize: 34;\" data-fontsize=\"34\" data-lineheight=\"40.12px\">Contact us<\/h1>\n<\/div><div class=\"fusion-sep-clear\"><\/div><div class=\"fusion-separator fusion-full-width-sep\" style=\"margin-left: auto;margin-right: auto;margin-bottom:30px;width:100%;\"><\/div><div class=\"fusion-sep-clear\"><\/div><div class=\"fusion-text fusion-text-4\"><p class=\"address\">Estrada Nova do Alquebre n186\/\/ 4410-022 Serzedo V. N. Gaia<\/p>\n<p class=\"phone\">Phone: T. +351 220 993 510 (call to the national fixed network)<\/p>\n<p class=\"email\">Email: <a href=\"mailto:info@bcut.pt\">info@bcut.pt<\/a><\/p>\n<\/div><div class=\"fusion-clearfix\"><\/div><\/div><\/div><div class=\"fusion-layout-column fusion_builder_column fusion-builder-column-2 fusion_builder_column_1_2 1_2 fusion-one-half fusion-column-last fusion-column-no-min-height\" style=\"width:48%;margin-top:0px;margin-bottom:0px;\"><div class=\"fusion-column-wrapper fusion-flex-column-wrapper-legacy\" style=\"background-position:left top;background-blend-mode: overlay;background-repeat:no-repeat;-webkit-background-size:cover;-moz-background-size:cover;-o-background-size:cover;background-size:cover;padding: 0px 0px 0px 0px;\"><a class=\"fusion-modal-text-link\" href=\"#\"><iframe style=\"border: 0;\" tabindex=\"0\" src=\"https:\/\/www.google.com\/maps\/embed?pb=!1m18!1m12!1m3!1d1094.9007538386807!2d-8.604807761058277!3d41.05743400561584!2m3!1f0!2f0!3f0!3m2!1i1024!2i768!4f13.1!3m3!1m2!1s0xd247bc7cdf5cfeb%3A0xc06533c5cb48d93f!2sEstr.%20do%20Alquebre%20186%2C%204410-002%20Perosinho!5e1!3m2!1spt-PT!2spt!4v1585680702274!5m2!1spt-PT!2spt\" width=\"600\" height=\"450\" frameborder=\"0\" allowfullscreen=\"allowfullscreen\" aria-hidden=\"false\"><\/iframe><\/a><div class=\"fusion-clearfix\"><\/div><\/div><\/div><\/div><style type=\"text\/css\">.fusion-fullwidth.fusion-builder-row-2 { overflow:auto; }<\/style><\/div><div class=\"fusion-fullwidth fullwidth-box fusion-builder-row-3 fusion-flex-container nonhundred-percent-fullwidth non-hundred-percent-height-scrolling\" style=\"background-color: rgba(255,255,255,0);background-position: center center;background-repeat: no-repeat;border-width: 0px 0px 0px 0px;border-color:#eae9e9;border-style:solid;\" ><div class=\"fusion-builder-row fusion-row fusion-flex-align-items-flex-start\" style=\"max-width:1144px;margin-left: calc(-4% \/ 2 );margin-right: calc(-4% \/ 2 );\"><div class=\"fusion-layout-column fusion_builder_column fusion-builder-column-3 fusion_builder_column_1_1 1_1 fusion-flex-column\"><div class=\"fusion-column-wrapper fusion-flex-justify-content-flex-start fusion-content-layout-column\" style=\"background-position:left top;background-repeat:no-repeat;-webkit-background-size:cover;-moz-background-size:cover;-o-background-size:cover;background-size:cover;background-color:#f2f2f2;border-width: 1px 0 0 0;border-color:#2b2b2b;border-style:solid;padding: 30px 30px 30px 30px;\">\n<div class=\"wpcf7 no-js\" id=\"wpcf7-f15596-o1\" lang=\"en-US\" dir=\"ltr\" data-wpcf7-id=\"15596\">\n<div class=\"screen-reader-response\"><p role=\"status\" aria-live=\"polite\" aria-atomic=\"true\"><\/p> <ul><\/ul><\/div>\n<form action=\"\/en\/wp-json\/wp\/v2\/pages\/14596#wpcf7-f15596-o1\" method=\"post\" class=\"wpcf7-form init\" aria-label=\"Contact form\" novalidate=\"novalidate\" data-status=\"init\">\n<fieldset class=\"hidden-fields-container\"><input type=\"hidden\" name=\"_wpcf7\" value=\"15596\" \/><input type=\"hidden\" name=\"_wpcf7_version\" value=\"6.1.5\" \/><input type=\"hidden\" name=\"_wpcf7_locale\" value=\"en_US\" \/><input type=\"hidden\" name=\"_wpcf7_unit_tag\" value=\"wpcf7-f15596-o1\" \/><input type=\"hidden\" name=\"_wpcf7_container_post\" value=\"0\" \/><input type=\"hidden\" name=\"_wpcf7_posted_data_hash\" value=\"\" \/>\n<\/fieldset>\n<p><label style=\"font-size: 16px;\">Name<br \/>\n<span class=\"wpcf7-form-control-wrap\" data-name=\"your-name\"><input size=\"40\" maxlength=\"400\" class=\"wpcf7-form-control wpcf7-text wpcf7-validates-as-required\" aria-required=\"true\" aria-invalid=\"false\" value=\"\" type=\"text\" name=\"your-name\" \/><\/span> <\/label>\n<\/p>\n<p><label style=\"font-size: 16px;\"> Email<br \/>\n<span class=\"wpcf7-form-control-wrap\" data-name=\"your-email\"><input size=\"40\" maxlength=\"400\" class=\"wpcf7-form-control wpcf7-email wpcf7-validates-as-required wpcf7-text wpcf7-validates-as-email\" aria-required=\"true\" aria-invalid=\"false\" value=\"\" type=\"email\" name=\"your-email\" \/><\/span> <\/label>\n<\/p>\n<p><label style=\"font-size: 16px;\"> Subject<br \/>\n<span class=\"wpcf7-form-control-wrap\" data-name=\"your-subject\"><input size=\"40\" maxlength=\"400\" class=\"wpcf7-form-control wpcf7-text\" aria-invalid=\"false\" value=\"\" type=\"text\" name=\"your-subject\" \/><\/span> <\/label>\n<\/p>\n<p><label style=\"font-size: 16px;\"> Message<br \/>\n<span class=\"wpcf7-form-control-wrap\" data-name=\"your-message\"><textarea cols=\"40\" rows=\"10\" maxlength=\"2000\" class=\"wpcf7-form-control wpcf7-textarea\" aria-invalid=\"false\" name=\"your-message\"><\/textarea><\/span> <\/label>\n<\/p>\n<p><input class=\"wpcf7-form-control wpcf7-submit has-spinner\" type=\"submit\" value=\"send\" \/>\n<\/p><div class=\"fusion-alert alert custom alert-custom fusion-alert-center wpcf7-response-output fusion-alert-capitalize alert-dismissable\" role=\"alert\" style=\"border-width:1px;\"><div class=\"fusion-alert-content-wrapper\"><span class=\"fusion-alert-content\"><\/span><\/div><button type=\"button\" class=\"close toggle-alert\" data-dismiss=\"alert\" aria-label=\"Close\">&times;<\/button><\/div>\n<\/form>\n<\/div>\n<\/div><style type=\"text\/css\">.fusion-body .fusion-builder-column-3{width:100% !important;margin-top : 0px;margin-bottom : 20px;}.fusion-builder-column-3 > .fusion-column-wrapper {padding-top : 30px !important;padding-right : 30px !important;margin-right : 1.92%;padding-bottom : 30px !important;padding-left : 30px !important;margin-left : 1.92%;}@media only screen and (max-width:1024px) {.fusion-body .fusion-builder-column-3{width:100% !important;order : 0;}.fusion-builder-column-3 > .fusion-column-wrapper {margin-right : 1.92%;margin-left : 1.92%;}}@media only screen and (max-width:640px) {.fusion-body .fusion-builder-column-3{width:100% !important;order : 0;}.fusion-builder-column-3 > .fusion-column-wrapper {margin-right : 1.92%;margin-left : 1.92%;}}<\/style><\/div><\/div><style type=\"text\/css\">.fusion-body .fusion-flex-container.fusion-builder-row-3{ padding-top : 0px;margin-top : 0px;padding-right : 0px;padding-bottom : 0px;margin-bottom : 0px;padding-left : 0px;}<\/style><\/div><\/p>\n","protected":false},"excerpt":{"rendered":"","protected":false},"author":1,"featured_media":0,"parent":0,"menu_order":0,"comment_status":"closed","ping_status":"closed","template":"100-width.php","meta":{"_acf_changed":false,"footnotes":""},"class_list":["post-14596","page","type-page","status-publish","hentry"],"acf":[],"yoast_head":"<!-- This site is optimized with the Yoast SEO plugin v27.5 - https:\/\/yoast.com\/product\/yoast-seo-wordpress\/ -->\n<title>Contacts - BCUT<\/title>\n<meta name=\"robots\" content=\"index, follow, max-snippet:-1, max-image-preview:large, max-video-preview:-1\" \/>\n<link rel=\"canonical\" href=\"https:\/\/www.bcut.pt\/en\/contacts\/\" \/>\n<meta property=\"og:locale\" content=\"en_US\" \/>\n<meta property=\"og:type\" content=\"article\" \/>\n<meta property=\"og:title\" content=\"Contacts - BCUT\" \/>\n<meta property=\"og:url\" content=\"https:\/\/www.bcut.pt\/en\/contacts\/\" \/>\n<meta property=\"og:site_name\" content=\"BCUT\" \/>\n<meta property=\"article:modified_time\" content=\"2025-01-24T15:01:19+00:00\" \/>\n<meta name=\"twitter:card\" content=\"summary_large_image\" \/>\n<meta name=\"twitter:label1\" content=\"Est. reading time\" \/>\n\t<meta name=\"twitter:data1\" content=\"5 minutes\" \/>\n<script type=\"application\/ld+json\" class=\"yoast-schema-graph\">{\"@context\":\"https:\\\/\\\/schema.org\",\"@graph\":[{\"@type\":\"WebPage\",\"@id\":\"https:\\\/\\\/www.bcut.pt\\\/en\\\/contacts\\\/\",\"url\":\"https:\\\/\\\/www.bcut.pt\\\/en\\\/contacts\\\/\",\"name\":\"Contacts - BCUT\",\"isPartOf\":{\"@id\":\"https:\\\/\\\/bcut.pt\\\/#website\"},\"datePublished\":\"2020-03-31T18:23:08+00:00\",\"dateModified\":\"2025-01-24T15:01:19+00:00\",\"breadcrumb\":{\"@id\":\"https:\\\/\\\/www.bcut.pt\\\/en\\\/contacts\\\/#breadcrumb\"},\"inLanguage\":\"en-US\",\"potentialAction\":[{\"@type\":\"ReadAction\",\"target\":[\"https:\\\/\\\/www.bcut.pt\\\/en\\\/contacts\\\/\"]}]},{\"@type\":\"BreadcrumbList\",\"@id\":\"https:\\\/\\\/www.bcut.pt\\\/en\\\/contacts\\\/#breadcrumb\",\"itemListElement\":[{\"@type\":\"ListItem\",\"position\":1,\"name\":\"Home\",\"item\":\"https:\\\/\\\/www.bcut.pt\\\/en\\\/home\\\/\"},{\"@type\":\"ListItem\",\"position\":2,\"name\":\"Contacts\"}]},{\"@type\":\"WebSite\",\"@id\":\"https:\\\/\\\/bcut.pt\\\/#website\",\"url\":\"https:\\\/\\\/bcut.pt\\\/\",\"name\":\"BCUT\",\"description\":\"O com\u00e9rcio de fitas \u00e9 a nossa dedica\u00e7\u00e3o. A nossa arte encontra-se na transforma\u00e7\u00e3o e dedica\u00e7\u00e3o atribu\u00eddas na sua conce\u00e7\u00e3o.\",\"publisher\":{\"@id\":\"https:\\\/\\\/bcut.pt\\\/#organization\"},\"potentialAction\":[{\"@type\":\"SearchAction\",\"target\":{\"@type\":\"EntryPoint\",\"urlTemplate\":\"https:\\\/\\\/bcut.pt\\\/?s={search_term_string}\"},\"query-input\":{\"@type\":\"PropertyValueSpecification\",\"valueRequired\":true,\"valueName\":\"search_term_string\"}}],\"inLanguage\":\"en-US\"},{\"@type\":\"Organization\",\"@id\":\"https:\\\/\\\/bcut.pt\\\/#organization\",\"name\":\"Bcut\",\"url\":\"https:\\\/\\\/bcut.pt\\\/\",\"logo\":{\"@type\":\"ImageObject\",\"inLanguage\":\"en-US\",\"@id\":\"https:\\\/\\\/bcut.pt\\\/#\\\/schema\\\/logo\\\/image\\\/\",\"url\":\"https:\\\/\\\/bcut.pt\\\/wp-content\\\/uploads\\\/2019\\\/04\\\/Logo_Big.png\",\"contentUrl\":\"https:\\\/\\\/bcut.pt\\\/wp-content\\\/uploads\\\/2019\\\/04\\\/Logo_Big.png\",\"width\":379,\"height\":153,\"caption\":\"Bcut\"},\"image\":{\"@id\":\"https:\\\/\\\/bcut.pt\\\/#\\\/schema\\\/logo\\\/image\\\/\"}}]}<\/script>\n<!-- \/ Yoast SEO plugin. -->","yoast_head_json":{"title":"Contacts - BCUT","robots":{"index":"index","follow":"follow","max-snippet":"max-snippet:-1","max-image-preview":"max-image-preview:large","max-video-preview":"max-video-preview:-1"},"canonical":"https:\/\/www.bcut.pt\/en\/contacts\/","og_locale":"en_US","og_type":"article","og_title":"Contacts - BCUT","og_url":"https:\/\/www.bcut.pt\/en\/contacts\/","og_site_name":"BCUT","article_modified_time":"2025-01-24T15:01:19+00:00","twitter_card":"summary_large_image","twitter_misc":{"Est. reading time":"5 minutes"},"schema":{"@context":"https:\/\/schema.org","@graph":[{"@type":"WebPage","@id":"https:\/\/www.bcut.pt\/en\/contacts\/","url":"https:\/\/www.bcut.pt\/en\/contacts\/","name":"Contacts - BCUT","isPartOf":{"@id":"https:\/\/bcut.pt\/#website"},"datePublished":"2020-03-31T18:23:08+00:00","dateModified":"2025-01-24T15:01:19+00:00","breadcrumb":{"@id":"https:\/\/www.bcut.pt\/en\/contacts\/#breadcrumb"},"inLanguage":"en-US","potentialAction":[{"@type":"ReadAction","target":["https:\/\/www.bcut.pt\/en\/contacts\/"]}]},{"@type":"BreadcrumbList","@id":"https:\/\/www.bcut.pt\/en\/contacts\/#breadcrumb","itemListElement":[{"@type":"ListItem","position":1,"name":"Home","item":"https:\/\/www.bcut.pt\/en\/home\/"},{"@type":"ListItem","position":2,"name":"Contacts"}]},{"@type":"WebSite","@id":"https:\/\/bcut.pt\/#website","url":"https:\/\/bcut.pt\/","name":"BCUT","description":"O com\u00e9rcio de fitas \u00e9 a nossa dedica\u00e7\u00e3o. A nossa arte encontra-se na transforma\u00e7\u00e3o e dedica\u00e7\u00e3o atribu\u00eddas na sua conce\u00e7\u00e3o.","publisher":{"@id":"https:\/\/bcut.pt\/#organization"},"potentialAction":[{"@type":"SearchAction","target":{"@type":"EntryPoint","urlTemplate":"https:\/\/bcut.pt\/?s={search_term_string}"},"query-input":{"@type":"PropertyValueSpecification","valueRequired":true,"valueName":"search_term_string"}}],"inLanguage":"en-US"},{"@type":"Organization","@id":"https:\/\/bcut.pt\/#organization","name":"Bcut","url":"https:\/\/bcut.pt\/","logo":{"@type":"ImageObject","inLanguage":"en-US","@id":"https:\/\/bcut.pt\/#\/schema\/logo\/image\/","url":"https:\/\/bcut.pt\/wp-content\/uploads\/2019\/04\/Logo_Big.png","contentUrl":"https:\/\/bcut.pt\/wp-content\/uploads\/2019\/04\/Logo_Big.png","width":379,"height":153,"caption":"Bcut"},"image":{"@id":"https:\/\/bcut.pt\/#\/schema\/logo\/image\/"}}]}},"_links":{"self":[{"href":"https:\/\/www.bcut.pt\/en\/wp-json\/wp\/v2\/pages\/14596","targetHints":{"allow":["GET"]}}],"collection":[{"href":"https:\/\/www.bcut.pt\/en\/wp-json\/wp\/v2\/pages"}],"about":[{"href":"https:\/\/www.bcut.pt\/en\/wp-json\/wp\/v2\/types\/page"}],"author":[{"embeddable":true,"href":"https:\/\/www.bcut.pt\/en\/wp-json\/wp\/v2\/users\/1"}],"replies":[{"embeddable":true,"href":"https:\/\/www.bcut.pt\/en\/wp-json\/wp\/v2\/comments?post=14596"}],"version-history":[{"count":12,"href":"https:\/\/www.bcut.pt\/en\/wp-json\/wp\/v2\/pages\/14596\/revisions"}],"predecessor-version":[{"id":15609,"href":"https:\/\/www.bcut.pt\/en\/wp-json\/wp\/v2\/pages\/14596\/revisions\/15609"}],"wp:attachment":[{"href":"https:\/\/www.bcut.pt\/en\/wp-json\/wp\/v2\/media?parent=14596"}],"curies":[{"name":"wp","href":"https:\/\/api.w.org\/{rel}","templated":true}]}}